{"id":3761,"date":"2024-04-11T15:48:19","date_gmt":"2024-04-11T13:48:19","guid":{"rendered":"https:\/\/www.gaslock.de\/?post_type=product&#038;p=3761"},"modified":"2026-05-01T13:37:11","modified_gmt":"2026-05-01T11:37:11","slug":"gaslevel-stick-gruen","status":"publish","type":"product","link":"https:\/\/www.gaslock.de\/en\/produkt\/gaslevel-stick-gruen\/","title":{"rendered":"GasLevel\u00ae Stick gr\u00fcn"},"content":{"rendered":"<p><strong>Schnelle und pr\u00e4zise Messung:<\/strong><\/p>\n<p>Der handliche und pr\u00e4zise arbeitende GASLEVEL Stick ermittelt den F\u00fcllstand von handels\u00fcblichen Propangasflaschen oder Butangasflaschen in Sekundenschnelle. Ob 5 kg, 8 kg,11 kg oder 33 kg \u2013 f\u00fcr den kompakten Stick spielt die Gr\u00f6\u00dfe der Gasflasche keine Rolle.<\/p>\n<p>Benutzerfreundlichkeit ist das Kernst\u00fcck unseres Designs. Das schlichte, intuitive Design erm\u00f6glicht eine schnelle und m\u00fchelose Messung. Positionieren Sie den Stick einfach in einem 90\u00b0 Winkel zur Gasflasche, um sofort feststellen zu k\u00f6nnen, ob an der gemessenen Stelle Gas vorhanden ist. Die fortschrittliche Ultraschalltechnologie gew\u00e4hrleistet pr\u00e4zise Messergebnisse, auf die Sie sich verlassen k\u00f6nnen.<\/p>\n<p><em><strong>Tipp: <\/strong>Um auch bei schwierigen Oberfl\u00e4chen den Gasf\u00fcllstand zuverl\u00e4ssig zu messen, kann etwas Feuchtigkeit an der Messstelle sinnvoll sein.<\/em><\/p>\n<p><strong>Sicherheit:<\/strong><\/p>\n<p>Sicherheit ist ein weiterer wichtiger Aspekt dieses Produkts. Der GASLEVEL Stick bietet eine zuverl\u00e4ssige Methode zur \u00dcberwachung des Gasflaschenf\u00fcllstands, um unerwartete Engp\u00e4sse und potenzielle Unannehmlichkeiten zu vermeiden.<\/p>\n<p><strong>Produktion in Deutschland:<\/strong><\/p>\n<p>Hergestellt in Iserlohn, Deutschland, steht der GASLEVEL Stick f\u00fcr deutsche Ingenieurskunst und Qualit\u00e4t. Es ist ein Produkt, das Sie nicht entt\u00e4uschen wird.<\/p>\n<p><strong>Fazit:<\/strong><\/p>\n<p>Der GASLEVEL Stick ist ein unverzichtbares Zubeh\u00f6r, das Funktionalit\u00e4t, Sicherheit und Benutzerfreundlichkeit in einem kompakten und stilvollen Design vereint. Ein Must-have f\u00fcr jeden, der mit Gasflaschen arbeitet oder diese verwendet.<\/p>\n","protected":false},"excerpt":{"rendered":"<p>Der GASLEVEL Stick nutzt fortschrittliche Ultraschalltechnologie, um in Sekundenschnelle und mit h\u00f6chster Pr\u00e4zision den F\u00fcllstand von Propangas- und Butangasflaschen zu ermitteln. Sein benutzerfreundliches, intuitives Design erm\u00f6glicht es, durch einfaches Anlegen im 90\u00b0 Winkel zur Gasflasche schnell und zuverl\u00e4ssig zu messen, ob und wie viel Gas vorhanden ist.<\/p>\n","protected":false},"featured_media":3781,"comment_status":"open","ping_status":"closed","template":"","meta":[],"product_cat":[16,46],"product_tag":[],"class_list":{"0":"post-3761","1":"product","2":"type-product","3":"status-publish","4":"has-post-thumbnail","6":"product_cat-uncategorized","7":"product_cat-fuellstandsanzeiger","9":"first","10":"instock","11":"taxable","12":"shipping-taxable","13":"purchasable","14":"product-type-simple"},"yoast_head":"<!-- This site is optimized with the Yoast SEO plugin v23.6 - https:\/\/yoast.com\/wordpress\/plugins\/seo\/ -->\n<title>GasLevel\u00ae Stick gr\u00fcn - Gaslock<\/title>\n<meta name=\"robots\" content=\"index, follow, max-snippet:-1, max-image-preview:large, max-video-preview:-1\" \/>\n<link rel=\"canonical\" href=\"https:\/\/www.gaslock.de\/en\/produkt\/gaslevel-stick-gruen\/\" \/>\n<meta property=\"og:locale\" content=\"en_US\" \/>\n<meta property=\"og:type\" content=\"article\" \/>\n<meta property=\"og:title\" content=\"GasLevel\u00ae Stick gr\u00fcn - Gaslock\" \/>\n<meta property=\"og:description\" content=\"Der GASLEVEL Stick nutzt fortschrittliche Ultraschalltechnologie, um in Sekundenschnelle und mit h\u00f6chster Pr\u00e4zision den F\u00fcllstand von Propangas- und Butangasflaschen zu ermitteln. Sein benutzerfreundliches, intuitives Design erm\u00f6glicht es, durch einfaches Anlegen im 90\u00b0 Winkel zur Gasflasche schnell und zuverl\u00e4ssig zu messen, ob und wie viel Gas vorhanden ist.\" \/>\n<meta property=\"og:url\" content=\"https:\/\/www.gaslock.de\/en\/produkt\/gaslevel-stick-gruen\/\" \/>\n<meta property=\"og:site_name\" content=\"Gaslock\" \/>\n<meta property=\"article:publisher\" content=\"https:\/\/www.facebook.com\/GaslockGmbH\" \/>\n<meta property=\"article:modified_time\" content=\"2026-05-01T11:37:11+00:00\" \/>\n<meta property=\"og:image\" content=\"https:\/\/www.gaslock.de\/wp-content\/uploads\/2024\/04\/PXL_20240403_075102201.PORTRAIT.ORIGINAL-2.png\" \/>\n\t<meta property=\"og:image:width\" content=\"2586\" \/>\n\t<meta property=\"og:image:height\" content=\"2586\" \/>\n\t<meta property=\"og:image:type\" content=\"image\/png\" \/>\n<meta name=\"twitter:card\" content=\"summary_large_image\" \/>\n<meta name=\"twitter:label1\" content=\"Est. reading time\" \/>\n\t<meta name=\"twitter:data1\" content=\"2 minutes\" \/>\n<script type=\"application\/ld+json\" class=\"yoast-schema-graph\">{\"@context\":\"https:\/\/schema.org\",\"@graph\":[{\"@type\":\"WebPage\",\"@id\":\"https:\/\/www.gaslock.de\/en\/produkt\/gaslevel-stick-gruen\/\",\"url\":\"https:\/\/www.gaslock.de\/en\/produkt\/gaslevel-stick-gruen\/\",\"name\":\"GasLevel\u00ae Stick gr\u00fcn - Gaslock\",\"isPartOf\":{\"@id\":\"https:\/\/www.gaslock.de\/en\/#website\"},\"primaryImageOfPage\":{\"@id\":\"https:\/\/www.gaslock.de\/en\/produkt\/gaslevel-stick-gruen\/#primaryimage\"},\"image\":{\"@id\":\"https:\/\/www.gaslock.de\/en\/produkt\/gaslevel-stick-gruen\/#primaryimage\"},\"thumbnailUrl\":\"https:\/\/www.gaslock.de\/wp-content\/uploads\/2024\/04\/PXL_20240403_075102201.PORTRAIT.ORIGINAL-2.png\",\"datePublished\":\"2024-04-11T13:48:19+00:00\",\"dateModified\":\"2026-05-01T11:37:11+00:00\",\"breadcrumb\":{\"@id\":\"https:\/\/www.gaslock.de\/en\/produkt\/gaslevel-stick-gruen\/#breadcrumb\"},\"inLanguage\":\"en-US\",\"potentialAction\":[{\"@type\":\"ReadAction\",\"target\":[\"https:\/\/www.gaslock.de\/en\/produkt\/gaslevel-stick-gruen\/\"]}]},{\"@type\":\"ImageObject\",\"inLanguage\":\"en-US\",\"@id\":\"https:\/\/www.gaslock.de\/en\/produkt\/gaslevel-stick-gruen\/#primaryimage\",\"url\":\"https:\/\/www.gaslock.de\/wp-content\/uploads\/2024\/04\/PXL_20240403_075102201.PORTRAIT.ORIGINAL-2.png\",\"contentUrl\":\"https:\/\/www.gaslock.de\/wp-content\/uploads\/2024\/04\/PXL_20240403_075102201.PORTRAIT.ORIGINAL-2.png\",\"width\":2586,\"height\":2586},{\"@type\":\"BreadcrumbList\",\"@id\":\"https:\/\/www.gaslock.de\/en\/produkt\/gaslevel-stick-gruen\/#breadcrumb\",\"itemListElement\":[{\"@type\":\"ListItem\",\"position\":1,\"name\":\"Home\",\"item\":\"https:\/\/www.gaslock.de\/en\/\"},{\"@type\":\"ListItem\",\"position\":2,\"name\":\"Shop\",\"item\":\"https:\/\/www.gaslock.de\/en\/shop\/\"},{\"@type\":\"ListItem\",\"position\":3,\"name\":\"GasLevel\u00ae Stick gr\u00fcn\"}]},{\"@type\":\"WebSite\",\"@id\":\"https:\/\/www.gaslock.de\/en\/#website\",\"url\":\"https:\/\/www.gaslock.de\/en\/\",\"name\":\"Gaslock.de\",\"description\":\"Eine weitere WordPress-Website\",\"publisher\":{\"@id\":\"https:\/\/www.gaslock.de\/en\/#organization\"},\"potentialAction\":[{\"@type\":\"SearchAction\",\"target\":{\"@type\":\"EntryPoint\",\"urlTemplate\":\"https:\/\/www.gaslock.de\/en\/?s={search_term_string}\"},\"query-input\":{\"@type\":\"PropertyValueSpecification\",\"valueRequired\":true,\"valueName\":\"search_term_string\"}}],\"inLanguage\":\"en-US\"},{\"@type\":\"Organization\",\"@id\":\"https:\/\/www.gaslock.de\/en\/#organization\",\"name\":\"Gaslock.de\",\"url\":\"https:\/\/www.gaslock.de\/en\/\",\"logo\":{\"@type\":\"ImageObject\",\"inLanguage\":\"en-US\",\"@id\":\"https:\/\/www.gaslock.de\/en\/#\/schema\/logo\/image\/\",\"url\":\"https:\/\/i0.wp.com\/www.gaslock.de\/wp-content\/uploads\/2019\/05\/gaslock-green.png?fit=282%2C53&ssl=1\",\"contentUrl\":\"https:\/\/i0.wp.com\/www.gaslock.de\/wp-content\/uploads\/2019\/05\/gaslock-green.png?fit=282%2C53&ssl=1\",\"width\":282,\"height\":53,\"caption\":\"Gaslock.de\"},\"image\":{\"@id\":\"https:\/\/www.gaslock.de\/en\/#\/schema\/logo\/image\/\"},\"sameAs\":[\"https:\/\/www.facebook.com\/GaslockGmbH\",\"https:\/\/www.instagram.com\/gaslock_gmbh\/\"]}]}<\/script>\n<!-- \/ Yoast SEO plugin. -->","yoast_head_json":{"title":"GasLevel\u00ae Stick gr\u00fcn - Gaslock","robots":{"index":"index","follow":"follow","max-snippet":"max-snippet:-1","max-image-preview":"max-image-preview:large","max-video-preview":"max-video-preview:-1"},"canonical":"https:\/\/www.gaslock.de\/en\/produkt\/gaslevel-stick-gruen\/","og_locale":"en_US","og_type":"article","og_title":"GasLevel\u00ae Stick gr\u00fcn - Gaslock","og_description":"Der GASLEVEL Stick nutzt fortschrittliche Ultraschalltechnologie, um in Sekundenschnelle und mit h\u00f6chster Pr\u00e4zision den F\u00fcllstand von Propangas- und Butangasflaschen zu ermitteln. Sein benutzerfreundliches, intuitives Design erm\u00f6glicht es, durch einfaches Anlegen im 90\u00b0 Winkel zur Gasflasche schnell und zuverl\u00e4ssig zu messen, ob und wie viel Gas vorhanden ist.","og_url":"https:\/\/www.gaslock.de\/en\/produkt\/gaslevel-stick-gruen\/","og_site_name":"Gaslock","article_publisher":"https:\/\/www.facebook.com\/GaslockGmbH","article_modified_time":"2026-05-01T11:37:11+00:00","og_image":[{"width":2586,"height":2586,"url":"https:\/\/www.gaslock.de\/wp-content\/uploads\/2024\/04\/PXL_20240403_075102201.PORTRAIT.ORIGINAL-2.png","type":"image\/png"}],"twitter_card":"summary_large_image","twitter_misc":{"Est. reading time":"2 minutes"},"schema":{"@context":"https:\/\/schema.org","@graph":[{"@type":"WebPage","@id":"https:\/\/www.gaslock.de\/en\/produkt\/gaslevel-stick-gruen\/","url":"https:\/\/www.gaslock.de\/en\/produkt\/gaslevel-stick-gruen\/","name":"GasLevel\u00ae Stick gr\u00fcn - Gaslock","isPartOf":{"@id":"https:\/\/www.gaslock.de\/en\/#website"},"primaryImageOfPage":{"@id":"https:\/\/www.gaslock.de\/en\/produkt\/gaslevel-stick-gruen\/#primaryimage"},"image":{"@id":"https:\/\/www.gaslock.de\/en\/produkt\/gaslevel-stick-gruen\/#primaryimage"},"thumbnailUrl":"https:\/\/www.gaslock.de\/wp-content\/uploads\/2024\/04\/PXL_20240403_075102201.PORTRAIT.ORIGINAL-2.png","datePublished":"2024-04-11T13:48:19+00:00","dateModified":"2026-05-01T11:37:11+00:00","breadcrumb":{"@id":"https:\/\/www.gaslock.de\/en\/produkt\/gaslevel-stick-gruen\/#breadcrumb"},"inLanguage":"en-US","potentialAction":[{"@type":"ReadAction","target":["https:\/\/www.gaslock.de\/en\/produkt\/gaslevel-stick-gruen\/"]}]},{"@type":"ImageObject","inLanguage":"en-US","@id":"https:\/\/www.gaslock.de\/en\/produkt\/gaslevel-stick-gruen\/#primaryimage","url":"https:\/\/www.gaslock.de\/wp-content\/uploads\/2024\/04\/PXL_20240403_075102201.PORTRAIT.ORIGINAL-2.png","contentUrl":"https:\/\/www.gaslock.de\/wp-content\/uploads\/2024\/04\/PXL_20240403_075102201.PORTRAIT.ORIGINAL-2.png","width":2586,"height":2586},{"@type":"BreadcrumbList","@id":"https:\/\/www.gaslock.de\/en\/produkt\/gaslevel-stick-gruen\/#breadcrumb","itemListElement":[{"@type":"ListItem","position":1,"name":"Home","item":"https:\/\/www.gaslock.de\/en\/"},{"@type":"ListItem","position":2,"name":"Shop","item":"https:\/\/www.gaslock.de\/en\/shop\/"},{"@type":"ListItem","position":3,"name":"GasLevel\u00ae Stick gr\u00fcn"}]},{"@type":"WebSite","@id":"https:\/\/www.gaslock.de\/en\/#website","url":"https:\/\/www.gaslock.de\/en\/","name":"Gaslock.de","description":"Eine weitere WordPress-Website","publisher":{"@id":"https:\/\/www.gaslock.de\/en\/#organization"},"potentialAction":[{"@type":"SearchAction","target":{"@type":"EntryPoint","urlTemplate":"https:\/\/www.gaslock.de\/en\/?s={search_term_string}"},"query-input":{"@type":"PropertyValueSpecification","valueRequired":true,"valueName":"search_term_string"}}],"inLanguage":"en-US"},{"@type":"Organization","@id":"https:\/\/www.gaslock.de\/en\/#organization","name":"Gaslock.de","url":"https:\/\/www.gaslock.de\/en\/","logo":{"@type":"ImageObject","inLanguage":"en-US","@id":"https:\/\/www.gaslock.de\/en\/#\/schema\/logo\/image\/","url":"https:\/\/i0.wp.com\/www.gaslock.de\/wp-content\/uploads\/2019\/05\/gaslock-green.png?fit=282%2C53&ssl=1","contentUrl":"https:\/\/i0.wp.com\/www.gaslock.de\/wp-content\/uploads\/2019\/05\/gaslock-green.png?fit=282%2C53&ssl=1","width":282,"height":53,"caption":"Gaslock.de"},"image":{"@id":"https:\/\/www.gaslock.de\/en\/#\/schema\/logo\/image\/"},"sameAs":["https:\/\/www.facebook.com\/GaslockGmbH","https:\/\/www.instagram.com\/gaslock_gmbh\/"]}]}},"_links":{"self":[{"href":"https:\/\/www.gaslock.de\/en\/wp-json\/wp\/v2\/product\/3761"}],"collection":[{"href":"https:\/\/www.gaslock.de\/en\/wp-json\/wp\/v2\/product"}],"about":[{"href":"https:\/\/www.gaslock.de\/en\/wp-json\/wp\/v2\/types\/product"}],"replies":[{"embeddable":true,"href":"https:\/\/www.gaslock.de\/en\/wp-json\/wp\/v2\/comments?post=3761"}],"version-history":[{"count":3,"href":"https:\/\/www.gaslock.de\/en\/wp-json\/wp\/v2\/product\/3761\/revisions"}],"predecessor-version":[{"id":4133,"href":"https:\/\/www.gaslock.de\/en\/wp-json\/wp\/v2\/product\/3761\/revisions\/4133"}],"wp:featuredmedia":[{"embeddable":true,"href":"https:\/\/www.gaslock.de\/en\/wp-json\/wp\/v2\/media\/3781"}],"wp:attachment":[{"href":"https:\/\/www.gaslock.de\/en\/wp-json\/wp\/v2\/media?parent=3761"}],"wp:term":[{"taxonomy":"product_cat","embeddable":true,"href":"https:\/\/www.gaslock.de\/en\/wp-json\/wp\/v2\/product_cat?post=3761"},{"taxonomy":"product_tag","embeddable":true,"href":"https:\/\/www.gaslock.de\/en\/wp-json\/wp\/v2\/product_tag?post=3761"}],"curies":[{"name":"wp","href":"https:\/\/api.w.org\/{rel}","templated":true}]}}